{"id":22701,"date":"2023-07-06T08:29:31","date_gmt":"2023-07-06T06:29:31","guid":{"rendered":"https:\/\/ewodd.com\/my-account\/"},"modified":"2026-02-28T09:32:32","modified_gmt":"2026-02-28T08:32:32","slug":"my-account","status":"publish","type":"page","link":"https:\/\/ewodd.com\/en\/my-account\/","title":{"rendered":"My Account"},"content":{"rendered":"\t\t<div data-elementor-type=\"wp-page\" data-elementor-id=\"22701\" class=\"elementor elementor-22701 elementor-56\" data-elementor-post-type=\"page\">\n\t\t\t\t\t\t\t\t\t<section class=\"elementor-section elementor-top-section elementor-element elementor-element-1738c835 elementor-section-boxed elementor-section-height-default elementor-section-height-default\" data-id=\"1738c835\" data-element_type=\"section\">\n\t\t\t\t\t\t<div class=\"elementor-container elementor-column-gap-default\">\n\t\t\t\t\t<div class=\"elementor-column elementor-col-100 elementor-top-column elementor-element elementor-element-4d61d821\" data-id=\"4d61d821\" data-element_type=\"column\">\n\t\t\t<div class=\"elementor-widget-wrap elementor-element-populated\">\n\t\t\t\t\t\t\t\t<div class=\"elementor-element elementor-element-ce0d6c1 e-my-account-tabs-horizontal elementor-widget elementor-widget-woocommerce-my-account\" data-id=\"ce0d6c1\" data-element_type=\"widget\" data-widget_type=\"woocommerce-my-account.default\">\n\t\t\t\t<div class=\"elementor-widget-container\">\n\t\t\t<link rel=\"stylesheet\" href=\"https:\/\/ewodd.com\/wp-content\/plugins\/elementor-pro\/assets\/css\/widget-woocommerce.min.css\"><div class=\"e-my-account-tab e-my-account-tab__ \">\t\t\t<span class=\"elementor-hidden\">[woocommerce_my_account]<\/span>\n\t\t\t<div class=\"woocommerce\">\n\n<div class=\"u-columns col2-set\" id=\"customer_login\">\n\n\t<div class=\"u-column1 col-1\">\n\n\n\t\t<h2>Zaloguj<\/h2>\n\n\t\t<form class=\"woocommerce-form woocommerce-form-login login\" method=\"post\">\n\n\t\t\t\n\t\t\t<p class=\"woocommerce-form-row woocommerce-form-row--wide form-row form-row-wide\">\n\t\t\t\t<label for=\"username\">Username or email address&nbsp;<span class=\"required\">*<\/span><\/label>\n\t\t\t\t<input type=\"text\" class=\"woocommerce-Input woocommerce-Input--text input-text\" name=\"username\" id=\"username\" autocomplete=\"username\" value=\"\" \/>\t\t\t<\/p>\n\t\t\t<p class=\"woocommerce-form-row woocommerce-form-row--wide form-row form-row-wide\">\n\t\t\t\t<label for=\"password\">Has\u0142o&nbsp;<span class=\"required\">*<\/span><\/label>\n\t\t\t\t<input class=\"woocommerce-Input woocommerce-Input--text input-text\" type=\"password\" name=\"password\" id=\"password\" autocomplete=\"current-password\" \/>\n\t\t\t<\/p>\n\n\t\t\t\n\t\t\t<p class=\"form-row\">\n\t\t\t\t<label class=\"woocommerce-form__label woocommerce-form__label-for-checkbox woocommerce-form-login__rememberme\">\n\t\t\t\t\t<input class=\"woocommerce-form__input woocommerce-form__input-checkbox\" name=\"rememberme\" type=\"checkbox\" id=\"rememberme\" value=\"forever\" \/> <span>Zapami\u0119taj mnie<\/span>\n\t\t\t\t<\/label>\n\t\t\t\t<input type=\"hidden\" id=\"woocommerce-login-nonce\" name=\"woocommerce-login-nonce\" value=\"a801c2aedc\" \/><input type=\"hidden\" name=\"_wp_http_referer\" value=\"\/en\/wp-json\/wp\/v2\/pages\/22701\" \/>\t\t\t\t<button type=\"submit\" class=\"woocommerce-button button woocommerce-form-login__submit\" name=\"login\" value=\"Log in\">Log in<\/button>\n\t\t\t<\/p>\n\t\t\t<p class=\"woocommerce-LostPassword lost_password\">\n\t\t\t\t<a href=\"https:\/\/ewodd.com\/en\/my-account\/lost-password\/\">Zapomnia\u0142e\u015b has\u0142a?<\/a>\n\t\t\t<\/p>\n\n\t\t\t\n\t\t<\/form>\n\n\n\t<\/div>\n\n\t<div class=\"u-column2 col-2\">\n\n\t\t<h2>Register<\/h2>\n\n\t\t<form method=\"post\" class=\"woocommerce-form woocommerce-form-register register\"  >\n\n\t\t\t\n\t\t\t\n\t\t\t<p class=\"woocommerce-form-row woocommerce-form-row--wide form-row form-row-wide\">\n\t\t\t\t<label for=\"reg_email\">Email address&nbsp;<span class=\"required\">*<\/span><\/label>\n\t\t\t\t<input type=\"email\" class=\"woocommerce-Input woocommerce-Input--text input-text\" name=\"email\" id=\"reg_email\" autocomplete=\"email\" value=\"\" \/>\t\t\t<\/p>\n\n\t\t\t\n\t\t\t\t<p>A link to set a new password will be sent to your email address.<\/p>\n\n\t\t\t\n\t\t\t\n\t\t\t<p class=\"woocommerce-form-row form-row\">\n\t\t\t\t<input type=\"hidden\" id=\"woocommerce-register-nonce\" name=\"woocommerce-register-nonce\" value=\"07d6425846\" \/><input type=\"hidden\" name=\"_wp_http_referer\" value=\"\/en\/wp-json\/wp\/v2\/pages\/22701\" \/>\t\t\t\t<button type=\"submit\" class=\"woocommerce-Button woocommerce-button button woocommerce-form-register__submit\" name=\"register\" value=\"Register\">Register<\/button>\n\t\t\t<\/p>\n\n\t\t\t\n\t\t<\/form>\n\n\t<\/div>\n\n<\/div>\n\n<\/div>\t\t<\/div>\n\t\t\t\t<\/div>\n\t\t\t\t<\/div>\n\t\t\t\t\t<\/div>\n\t\t<\/div>\n\t\t\t\t\t\t\t<\/div>\n\t\t<\/section>\n\t\t\t\t\t\t\t<\/div>\n\t\t","protected":false},"excerpt":{"rendered":"<p>Zaloguj Username or email address&nbsp;* Has\u0142o&nbsp;* Zapami\u0119taj mnie Log in Zapomnia\u0142e\u015b has\u0142a? Register Email address&nbsp;* A link to set a new password will be sent to your email address. Register Zaloguj Username or email address&nbsp;* Has\u0142o&nbsp;* Zapami\u0119taj mnie Log in Zapomnia\u0142e\u015b has\u0142a? Register Email address&nbsp;* A link to set a new password will be sent [&hellip;]<\/p>\n","protected":false},"author":1,"featured_media":0,"parent":0,"menu_order":0,"comment_status":"closed","ping_status":"closed","template":"","meta":{"footnotes":""},"class_list":["post-22701","page","type-page","status-publish","hentry"],"yoast_head":"<!-- This site is optimized with the Yoast SEO plugin v22.2 - https:\/\/yoast.com\/wordpress\/plugins\/seo\/ -->\n<title>My Account - EWODD<\/title>\n<meta name=\"description\" content=\"Zaloguj Username or email address&nbsp;* Has\u0142o&nbsp;* Zapami\u0119taj mnie Log in Zapomnia\u0142e\u015b has\u0142a? Register Email address&nbsp;* A link to set a new password\" \/>\n<meta name=\"robots\" content=\"index, follow, max-snippet:-1, max-image-preview:large, max-video-preview:-1\" \/>\n<link rel=\"canonical\" href=\"https:\/\/ewodd.com\/en\/my-account\/\" \/>\n<meta property=\"og:locale\" content=\"en_US\" \/>\n<meta property=\"og:type\" content=\"article\" \/>\n<meta property=\"og:title\" content=\"My Account - EWODD\" \/>\n<meta property=\"og:description\" content=\"Zaloguj Username or email address&nbsp;* Has\u0142o&nbsp;* Zapami\u0119taj mnie Log in Zapomnia\u0142e\u015b has\u0142a? Register Email address&nbsp;* A link to set a new password\" \/>\n<meta property=\"og:url\" content=\"https:\/\/ewodd.com\/en\/my-account\/\" \/>\n<meta property=\"og:site_name\" content=\"EWODD\" \/>\n<meta property=\"article:publisher\" content=\"https:\/\/www.facebook.com\/ewodd\" \/>\n<meta property=\"article:modified_time\" content=\"2026-02-28T08:32:32+00:00\" \/>\n<meta property=\"og:image\" content=\"https:\/\/ewodd.com\/wp-content\/uploads\/2023\/07\/cropped-logo.png\" \/>\n\t<meta property=\"og:image:width\" content=\"512\" \/>\n\t<meta property=\"og:image:height\" content=\"512\" \/>\n\t<meta property=\"og:image:type\" content=\"image\/png\" \/>\n<meta name=\"twitter:card\" content=\"summary_large_image\" \/>\n<meta name=\"twitter:site\" content=\"@EWODD_\" \/>\n<script type=\"application\/ld+json\" class=\"yoast-schema-graph\">{\"@context\":\"https:\/\/schema.org\",\"@graph\":[{\"@type\":\"WebPage\",\"@id\":\"https:\/\/ewodd.com\/en\/my-account\/\",\"url\":\"https:\/\/ewodd.com\/en\/my-account\/\",\"name\":\"My Account - EWODD\",\"isPartOf\":{\"@id\":\"https:\/\/ewodd.com\/en\/#website\"},\"datePublished\":\"2023-07-06T06:29:31+00:00\",\"dateModified\":\"2026-02-28T08:32:32+00:00\",\"description\":\"Zaloguj Username or email address&nbsp;* Has\u0142o&nbsp;* Zapami\u0119taj mnie Log in Zapomnia\u0142e\u015b has\u0142a? Register Email address&nbsp;* A link to set a new password\",\"breadcrumb\":{\"@id\":\"https:\/\/ewodd.com\/en\/my-account\/#breadcrumb\"},\"inLanguage\":\"en-US\",\"potentialAction\":[{\"@type\":\"ReadAction\",\"target\":[\"https:\/\/ewodd.com\/en\/my-account\/\"]}]},{\"@type\":\"BreadcrumbList\",\"@id\":\"https:\/\/ewodd.com\/en\/my-account\/#breadcrumb\",\"itemListElement\":[{\"@type\":\"ListItem\",\"position\":1,\"name\":\"Strona g\u0142\u00f3wna\",\"item\":\"https:\/\/ewodd.com\/en\/home\/\"},{\"@type\":\"ListItem\",\"position\":2,\"name\":\"My Account\"}]},{\"@type\":\"WebSite\",\"@id\":\"https:\/\/ewodd.com\/en\/#website\",\"url\":\"https:\/\/ewodd.com\/en\/\",\"name\":\"EWODD\",\"description\":\"Ewodd\",\"publisher\":{\"@id\":\"https:\/\/ewodd.com\/en\/#organization\"},\"alternateName\":\"Drewniane meble na wymiar Ewodd\",\"potentialAction\":[{\"@type\":\"SearchAction\",\"target\":{\"@type\":\"EntryPoint\",\"urlTemplate\":\"https:\/\/ewodd.com\/en\/?s={search_term_string}\"},\"query-input\":\"required name=search_term_string\"}],\"inLanguage\":\"en-US\"},{\"@type\":\"Organization\",\"@id\":\"https:\/\/ewodd.com\/en\/#organization\",\"name\":\"Ewodd - drewniane meble na wymiar\",\"alternateName\":\"Drewniane meble na wymiar\",\"url\":\"https:\/\/ewodd.com\/en\/\",\"logo\":{\"@type\":\"ImageObject\",\"inLanguage\":\"en-US\",\"@id\":\"https:\/\/ewodd.com\/en\/#\/schema\/logo\/image\/\",\"url\":\"https:\/\/ewodd.com\/wp-content\/uploads\/2023\/07\/logo2.jpg\",\"contentUrl\":\"https:\/\/ewodd.com\/wp-content\/uploads\/2023\/07\/logo2.jpg\",\"width\":577,\"height\":577,\"caption\":\"Ewodd - drewniane meble na wymiar\"},\"image\":{\"@id\":\"https:\/\/ewodd.com\/en\/#\/schema\/logo\/image\/\"},\"sameAs\":[\"https:\/\/www.facebook.com\/ewodd\",\"https:\/\/twitter.com\/EWODD_\",\"https:\/\/www.instagram.com\/ewodd_com\/\"]}]}<\/script>\n<!-- \/ Yoast SEO plugin. -->","yoast_head_json":{"title":"My Account - EWODD","description":"Zaloguj Username or email address&nbsp;* Has\u0142o&nbsp;* Zapami\u0119taj mnie Log in Zapomnia\u0142e\u015b has\u0142a? Register Email address&nbsp;* A link to set a new password","robots":{"index":"index","follow":"follow","max-snippet":"max-snippet:-1","max-image-preview":"max-image-preview:large","max-video-preview":"max-video-preview:-1"},"canonical":"https:\/\/ewodd.com\/en\/my-account\/","og_locale":"en_US","og_type":"article","og_title":"My Account - EWODD","og_description":"Zaloguj Username or email address&nbsp;* Has\u0142o&nbsp;* Zapami\u0119taj mnie Log in Zapomnia\u0142e\u015b has\u0142a? Register Email address&nbsp;* A link to set a new password","og_url":"https:\/\/ewodd.com\/en\/my-account\/","og_site_name":"EWODD","article_publisher":"https:\/\/www.facebook.com\/ewodd","article_modified_time":"2026-02-28T08:32:32+00:00","og_image":[{"width":512,"height":512,"url":"https:\/\/ewodd.com\/wp-content\/uploads\/2023\/07\/cropped-logo.png","type":"image\/png"}],"twitter_card":"summary_large_image","twitter_site":"@EWODD_","schema":{"@context":"https:\/\/schema.org","@graph":[{"@type":"WebPage","@id":"https:\/\/ewodd.com\/en\/my-account\/","url":"https:\/\/ewodd.com\/en\/my-account\/","name":"My Account - EWODD","isPartOf":{"@id":"https:\/\/ewodd.com\/en\/#website"},"datePublished":"2023-07-06T06:29:31+00:00","dateModified":"2026-02-28T08:32:32+00:00","description":"Zaloguj Username or email address&nbsp;* Has\u0142o&nbsp;* Zapami\u0119taj mnie Log in Zapomnia\u0142e\u015b has\u0142a? Register Email address&nbsp;* A link to set a new password","breadcrumb":{"@id":"https:\/\/ewodd.com\/en\/my-account\/#breadcrumb"},"inLanguage":"en-US","potentialAction":[{"@type":"ReadAction","target":["https:\/\/ewodd.com\/en\/my-account\/"]}]},{"@type":"BreadcrumbList","@id":"https:\/\/ewodd.com\/en\/my-account\/#breadcrumb","itemListElement":[{"@type":"ListItem","position":1,"name":"Strona g\u0142\u00f3wna","item":"https:\/\/ewodd.com\/en\/home\/"},{"@type":"ListItem","position":2,"name":"My Account"}]},{"@type":"WebSite","@id":"https:\/\/ewodd.com\/en\/#website","url":"https:\/\/ewodd.com\/en\/","name":"EWODD","description":"Ewodd","publisher":{"@id":"https:\/\/ewodd.com\/en\/#organization"},"alternateName":"Drewniane meble na wymiar Ewodd","potentialAction":[{"@type":"SearchAction","target":{"@type":"EntryPoint","urlTemplate":"https:\/\/ewodd.com\/en\/?s={search_term_string}"},"query-input":"required name=search_term_string"}],"inLanguage":"en-US"},{"@type":"Organization","@id":"https:\/\/ewodd.com\/en\/#organization","name":"Ewodd - drewniane meble na wymiar","alternateName":"Drewniane meble na wymiar","url":"https:\/\/ewodd.com\/en\/","logo":{"@type":"ImageObject","inLanguage":"en-US","@id":"https:\/\/ewodd.com\/en\/#\/schema\/logo\/image\/","url":"https:\/\/ewodd.com\/wp-content\/uploads\/2023\/07\/logo2.jpg","contentUrl":"https:\/\/ewodd.com\/wp-content\/uploads\/2023\/07\/logo2.jpg","width":577,"height":577,"caption":"Ewodd - drewniane meble na wymiar"},"image":{"@id":"https:\/\/ewodd.com\/en\/#\/schema\/logo\/image\/"},"sameAs":["https:\/\/www.facebook.com\/ewodd","https:\/\/twitter.com\/EWODD_","https:\/\/www.instagram.com\/ewodd_com\/"]}]}},"_links":{"self":[{"href":"https:\/\/ewodd.com\/en\/wp-json\/wp\/v2\/pages\/22701","targetHints":{"allow":["GET"]}}],"collection":[{"href":"https:\/\/ewodd.com\/en\/wp-json\/wp\/v2\/pages"}],"about":[{"href":"https:\/\/ewodd.com\/en\/wp-json\/wp\/v2\/types\/page"}],"author":[{"embeddable":true,"href":"https:\/\/ewodd.com\/en\/wp-json\/wp\/v2\/users\/1"}],"replies":[{"embeddable":true,"href":"https:\/\/ewodd.com\/en\/wp-json\/wp\/v2\/comments?post=22701"}],"version-history":[{"count":1,"href":"https:\/\/ewodd.com\/en\/wp-json\/wp\/v2\/pages\/22701\/revisions"}],"predecessor-version":[{"id":22708,"href":"https:\/\/ewodd.com\/en\/wp-json\/wp\/v2\/pages\/22701\/revisions\/22708"}],"wp:attachment":[{"href":"https:\/\/ewodd.com\/en\/wp-json\/wp\/v2\/media?parent=22701"}],"curies":[{"name":"wp","href":"https:\/\/api.w.org\/{rel}","templated":true}]}}