{"id":22697,"date":"2023-07-06T08:29:31","date_gmt":"2023-07-06T06:29:31","guid":{"rendered":"https:\/\/ewodd.com\/order\/"},"modified":"2026-02-28T09:32:26","modified_gmt":"2026-02-28T08:32:26","slug":"order","status":"publish","type":"page","link":"https:\/\/ewodd.com\/en\/order\/","title":{"rendered":"Order"},"content":{"rendered":"\t\t<div data-elementor-type=\"wp-page\" data-elementor-id=\"22697\" class=\"elementor elementor-22697 elementor-55\" data-elementor-post-type=\"page\">\n\t\t\t\t\t\t\t\t\t<section class=\"elementor-section elementor-top-section elementor-element elementor-element-22848778 elementor-section-boxed elementor-section-height-default elementor-section-height-default\" data-id=\"22848778\" data-element_type=\"section\">\n\t\t\t\t\t\t<div class=\"elementor-container elementor-column-gap-default\">\n\t\t\t\t\t<div class=\"elementor-column elementor-col-100 elementor-top-column elementor-element elementor-element-3ab9fdaa\" data-id=\"3ab9fdaa\" data-element_type=\"column\">\n\t\t\t<div class=\"elementor-widget-wrap elementor-element-populated\">\n\t\t\t\t\t\t\t\t<div class=\"elementor-element elementor-element-0568d2a elementor-widget elementor-widget-wc-elements\" data-id=\"0568d2a\" data-element_type=\"widget\" data-widget_type=\"wc-elements.default\">\n\t\t\t\t<div class=\"elementor-widget-container\">\n\t\t\t<link rel=\"stylesheet\" href=\"https:\/\/ewodd.com\/wp-content\/plugins\/elementor-pro\/assets\/css\/widget-woocommerce.min.css\"><div class=\"woocommerce\">Your cart is currently empty.<\/div>\t\t<\/div>\n\t\t\t\t<\/div>\n\t\t\t\t<div class=\"elementor-element elementor-element-08b6e70 elementor-widget elementor-widget-html\" data-id=\"08b6e70\" data-element_type=\"widget\" data-widget_type=\"html.default\">\n\t\t\t\t<div class=\"elementor-widget-container\">\n\t\t\t<script>function checkboxToFalse() {\n        document.getElementById(\"ship-to-different-address-checkbox\").click();\n}\ncheckboxToFalse();\ndocument.addEventListener('DOMContentLoaded', function() {\n    var textareaElement = document.getElementById('order_comments');\n\n    \/\/ Sprawd\u017a, czy znaleziono element textarea\n    if (textareaElement) {\n        \/\/ Zmie\u0144 warto\u015b\u0107 atrybutu placeholder na \"cze\u015b\u0107\"\n        textareaElement.setAttribute('placeholder', 'Uwagi do zam\u00f3wienia, np. informacje o dostarczeniu przesy\u0142ki, wysoko\u015b\u0107 coko\u0142u, g\u0142\u0119boko\u015b\u0107 i wysoko\u015b\u0107 wyci\u0119cia na listw\u0119 przypod\u0142ogow\u0105.');\n    }\n});\n<\/script>\t\t<\/div>\n\t\t\t\t<\/div>\n\t\t\t\t\t<\/div>\n\t\t<\/div>\n\t\t\t\t\t\t\t<\/div>\n\t\t<\/section>\n\t\t\t\t\t\t\t<\/div>\n\t\t","protected":false},"excerpt":{"rendered":"","protected":false},"author":1,"featured_media":0,"parent":0,"menu_order":0,"comment_status":"closed","ping_status":"closed","template":"","meta":{"footnotes":""},"class_list":["post-22697","page","type-page","status-publish","hentry"],"yoast_head":"<!-- This site is optimized with the Yoast SEO plugin v22.2 - https:\/\/yoast.com\/wordpress\/plugins\/seo\/ -->\n<title>Order - EWODD<\/title>\n<meta name=\"robots\" content=\"index, follow, max-snippet:-1, max-image-preview:large, max-video-preview:-1\" \/>\n<link rel=\"canonical\" href=\"https:\/\/ewodd.com\/en\/order\/\" \/>\n<meta property=\"og:locale\" content=\"en_US\" \/>\n<meta property=\"og:type\" content=\"article\" \/>\n<meta property=\"og:title\" content=\"Order - EWODD\" \/>\n<meta property=\"og:url\" content=\"https:\/\/ewodd.com\/en\/order\/\" \/>\n<meta property=\"og:site_name\" content=\"EWODD\" \/>\n<meta property=\"article:publisher\" content=\"https:\/\/www.facebook.com\/ewodd\" \/>\n<meta property=\"article:modified_time\" content=\"2026-02-28T08:32:26+00:00\" \/>\n<meta property=\"og:image\" content=\"https:\/\/ewodd.com\/wp-content\/uploads\/2023\/07\/cropped-logo.png\" \/>\n\t<meta property=\"og:image:width\" content=\"512\" \/>\n\t<meta property=\"og:image:height\" content=\"512\" \/>\n\t<meta property=\"og:image:type\" content=\"image\/png\" \/>\n<meta name=\"twitter:card\" content=\"summary_large_image\" \/>\n<meta name=\"twitter:site\" content=\"@EWODD_\" \/>\n<script type=\"application\/ld+json\" class=\"yoast-schema-graph\">{\"@context\":\"https:\/\/schema.org\",\"@graph\":[{\"@type\":\"WebPage\",\"@id\":\"https:\/\/ewodd.com\/en\/order\/\",\"url\":\"https:\/\/ewodd.com\/en\/order\/\",\"name\":\"Order - EWODD\",\"isPartOf\":{\"@id\":\"https:\/\/ewodd.com\/en\/#website\"},\"datePublished\":\"2023-07-06T06:29:31+00:00\",\"dateModified\":\"2026-02-28T08:32:26+00:00\",\"breadcrumb\":{\"@id\":\"https:\/\/ewodd.com\/en\/order\/#breadcrumb\"},\"inLanguage\":\"en-US\",\"potentialAction\":[{\"@type\":\"ReadAction\",\"target\":[\"https:\/\/ewodd.com\/en\/order\/\"]}]},{\"@type\":\"BreadcrumbList\",\"@id\":\"https:\/\/ewodd.com\/en\/order\/#breadcrumb\",\"itemListElement\":[{\"@type\":\"ListItem\",\"position\":1,\"name\":\"Strona g\u0142\u00f3wna\",\"item\":\"https:\/\/ewodd.com\/en\/home\/\"},{\"@type\":\"ListItem\",\"position\":2,\"name\":\"Order\"}]},{\"@type\":\"WebSite\",\"@id\":\"https:\/\/ewodd.com\/en\/#website\",\"url\":\"https:\/\/ewodd.com\/en\/\",\"name\":\"EWODD\",\"description\":\"Ewodd\",\"publisher\":{\"@id\":\"https:\/\/ewodd.com\/en\/#organization\"},\"alternateName\":\"Drewniane meble na wymiar Ewodd\",\"potentialAction\":[{\"@type\":\"SearchAction\",\"target\":{\"@type\":\"EntryPoint\",\"urlTemplate\":\"https:\/\/ewodd.com\/en\/?s={search_term_string}\"},\"query-input\":\"required name=search_term_string\"}],\"inLanguage\":\"en-US\"},{\"@type\":\"Organization\",\"@id\":\"https:\/\/ewodd.com\/en\/#organization\",\"name\":\"Ewodd - drewniane meble na wymiar\",\"alternateName\":\"Drewniane meble na wymiar\",\"url\":\"https:\/\/ewodd.com\/en\/\",\"logo\":{\"@type\":\"ImageObject\",\"inLanguage\":\"en-US\",\"@id\":\"https:\/\/ewodd.com\/en\/#\/schema\/logo\/image\/\",\"url\":\"https:\/\/ewodd.com\/wp-content\/uploads\/2023\/07\/logo2.jpg\",\"contentUrl\":\"https:\/\/ewodd.com\/wp-content\/uploads\/2023\/07\/logo2.jpg\",\"width\":577,\"height\":577,\"caption\":\"Ewodd - drewniane meble na wymiar\"},\"image\":{\"@id\":\"https:\/\/ewodd.com\/en\/#\/schema\/logo\/image\/\"},\"sameAs\":[\"https:\/\/www.facebook.com\/ewodd\",\"https:\/\/twitter.com\/EWODD_\",\"https:\/\/www.instagram.com\/ewodd_com\/\"]}]}<\/script>\n<!-- \/ Yoast SEO plugin. -->","yoast_head_json":{"title":"Order - EWODD","robots":{"index":"index","follow":"follow","max-snippet":"max-snippet:-1","max-image-preview":"max-image-preview:large","max-video-preview":"max-video-preview:-1"},"canonical":"https:\/\/ewodd.com\/en\/order\/","og_locale":"en_US","og_type":"article","og_title":"Order - EWODD","og_url":"https:\/\/ewodd.com\/en\/order\/","og_site_name":"EWODD","article_publisher":"https:\/\/www.facebook.com\/ewodd","article_modified_time":"2026-02-28T08:32:26+00:00","og_image":[{"width":512,"height":512,"url":"https:\/\/ewodd.com\/wp-content\/uploads\/2023\/07\/cropped-logo.png","type":"image\/png"}],"twitter_card":"summary_large_image","twitter_site":"@EWODD_","schema":{"@context":"https:\/\/schema.org","@graph":[{"@type":"WebPage","@id":"https:\/\/ewodd.com\/en\/order\/","url":"https:\/\/ewodd.com\/en\/order\/","name":"Order - EWODD","isPartOf":{"@id":"https:\/\/ewodd.com\/en\/#website"},"datePublished":"2023-07-06T06:29:31+00:00","dateModified":"2026-02-28T08:32:26+00:00","breadcrumb":{"@id":"https:\/\/ewodd.com\/en\/order\/#breadcrumb"},"inLanguage":"en-US","potentialAction":[{"@type":"ReadAction","target":["https:\/\/ewodd.com\/en\/order\/"]}]},{"@type":"BreadcrumbList","@id":"https:\/\/ewodd.com\/en\/order\/#breadcrumb","itemListElement":[{"@type":"ListItem","position":1,"name":"Strona g\u0142\u00f3wna","item":"https:\/\/ewodd.com\/en\/home\/"},{"@type":"ListItem","position":2,"name":"Order"}]},{"@type":"WebSite","@id":"https:\/\/ewodd.com\/en\/#website","url":"https:\/\/ewodd.com\/en\/","name":"EWODD","description":"Ewodd","publisher":{"@id":"https:\/\/ewodd.com\/en\/#organization"},"alternateName":"Drewniane meble na wymiar Ewodd","potentialAction":[{"@type":"SearchAction","target":{"@type":"EntryPoint","urlTemplate":"https:\/\/ewodd.com\/en\/?s={search_term_string}"},"query-input":"required name=search_term_string"}],"inLanguage":"en-US"},{"@type":"Organization","@id":"https:\/\/ewodd.com\/en\/#organization","name":"Ewodd - drewniane meble na wymiar","alternateName":"Drewniane meble na wymiar","url":"https:\/\/ewodd.com\/en\/","logo":{"@type":"ImageObject","inLanguage":"en-US","@id":"https:\/\/ewodd.com\/en\/#\/schema\/logo\/image\/","url":"https:\/\/ewodd.com\/wp-content\/uploads\/2023\/07\/logo2.jpg","contentUrl":"https:\/\/ewodd.com\/wp-content\/uploads\/2023\/07\/logo2.jpg","width":577,"height":577,"caption":"Ewodd - drewniane meble na wymiar"},"image":{"@id":"https:\/\/ewodd.com\/en\/#\/schema\/logo\/image\/"},"sameAs":["https:\/\/www.facebook.com\/ewodd","https:\/\/twitter.com\/EWODD_","https:\/\/www.instagram.com\/ewodd_com\/"]}]}},"_links":{"self":[{"href":"https:\/\/ewodd.com\/en\/wp-json\/wp\/v2\/pages\/22697","targetHints":{"allow":["GET"]}}],"collection":[{"href":"https:\/\/ewodd.com\/en\/wp-json\/wp\/v2\/pages"}],"about":[{"href":"https:\/\/ewodd.com\/en\/wp-json\/wp\/v2\/types\/page"}],"author":[{"embeddable":true,"href":"https:\/\/ewodd.com\/en\/wp-json\/wp\/v2\/users\/1"}],"replies":[{"embeddable":true,"href":"https:\/\/ewodd.com\/en\/wp-json\/wp\/v2\/comments?post=22697"}],"version-history":[{"count":1,"href":"https:\/\/ewodd.com\/en\/wp-json\/wp\/v2\/pages\/22697\/revisions"}],"predecessor-version":[{"id":22700,"href":"https:\/\/ewodd.com\/en\/wp-json\/wp\/v2\/pages\/22697\/revisions\/22700"}],"wp:attachment":[{"href":"https:\/\/ewodd.com\/en\/wp-json\/wp\/v2\/media?parent=22697"}],"curies":[{"name":"wp","href":"https:\/\/api.w.org\/{rel}","templated":true}]}}